{"id":3928,"date":"2026-04-01T19:01:46","date_gmt":"2026-04-01T17:01:46","guid":{"rendered":"https:\/\/zenasnisolutions.com\/?post_type=product&#038;p=3928"},"modified":"2026-04-01T19:01:46","modified_gmt":"2026-04-01T17:01:46","slug":"zenai-content-paraphraser-paraphraseur-de-contenu-ia","status":"publish","type":"product","link":"https:\/\/zenasnisolutions.com\/?product=zenai-content-paraphraser-paraphraseur-de-contenu-ia","title":{"rendered":"ZenAI Content Paraphraser \u2014 Paraphraseur de contenu IA"},"content":{"rendered":"<p>Ce plugin WordPress utilise l&rsquo;intelligence artificielle pour paraphraser vos textes et contenus en quelques secondes. Il propose des versions alternatives pour am\u00e9liorer la lisibilit\u00e9 et \u00e9viter la duplication, en conservant le sens. Id\u00e9al pour les cr\u00e9ateurs de contenu qui souhaitent reformuler articles de blog, pages et descriptions produit.<\/p>\n","protected":false},"excerpt":{"rendered":"<p>Ce plugin WordPress utilise l&rsquo;intelligence artificielle pour paraphraser vos textes et contenus en quelques secondes. Il propose des versions alternatives pour am\u00e9liorer la lisibilit\u00e9 et \u00e9viter la duplication, en conservant le sens. Id\u00e9al pour les cr\u00e9ateurs de contenu qui souhaitent reformuler articles de blog, pages et descriptions produit.<\/p>\n","protected":false},"featured_media":3929,"comment_status":"open","ping_status":"closed","template":"","meta":[],"product_brand":[],"product_cat":[68],"product_tag":[],"class_list":{"0":"post-3928","1":"product","2":"type-product","3":"status-publish","4":"has-post-thumbnail","6":"product_cat-plugins-ia","8":"first","9":"instock","10":"downloadable","11":"virtual","12":"purchasable","13":"product-type-simple"},"_links":{"self":[{"href":"https:\/\/zenasnisolutions.com\/index.php?rest_route=\/wp\/v2\/product\/3928","targetHints":{"allow":["GET"]}}],"collection":[{"href":"https:\/\/zenasnisolutions.com\/index.php?rest_route=\/wp\/v2\/product"}],"about":[{"href":"https:\/\/zenasnisolutions.com\/index.php?rest_route=\/wp\/v2\/types\/product"}],"replies":[{"embeddable":true,"href":"https:\/\/zenasnisolutions.com\/index.php?rest_route=%2Fwp%2Fv2%2Fcomments&post=3928"}],"wp:featuredmedia":[{"embeddable":true,"href":"https:\/\/zenasnisolutions.com\/index.php?rest_route=\/wp\/v2\/media\/3929"}],"wp:attachment":[{"href":"https:\/\/zenasnisolutions.com\/index.php?rest_route=%2Fwp%2Fv2%2Fmedia&parent=3928"}],"wp:term":[{"taxonomy":"product_brand","embeddable":true,"href":"https:\/\/zenasnisolutions.com\/index.php?rest_route=%2Fwp%2Fv2%2Fproduct_brand&post=3928"},{"taxonomy":"product_cat","embeddable":true,"href":"https:\/\/zenasnisolutions.com\/index.php?rest_route=%2Fwp%2Fv2%2Fproduct_cat&post=3928"},{"taxonomy":"product_tag","embeddable":true,"href":"https:\/\/zenasnisolutions.com\/index.php?rest_route=%2Fwp%2Fv2%2Fproduct_tag&post=3928"}],"curies":[{"name":"wp","href":"https:\/\/api.w.org\/{rel}","templated":true}]}}