{"id":3903,"date":"2026-04-01T14:37:47","date_gmt":"2026-04-01T12:37:47","guid":{"rendered":"https:\/\/zenasnisolutions.com\/?post_type=product&#038;p=3903"},"modified":"2026-04-01T16:27:19","modified_gmt":"2026-04-01T14:27:19","slug":"zenai-chat-summarizer-resumeur-de-conversations-ia","status":"publish","type":"product","link":"https:\/\/zenasnisolutions.com\/?product=zenai-chat-summarizer-resumeur-de-conversations-ia","title":{"rendered":"ZenAI Chat Summarizer \u2014 R\u00e9sumeur de conversations IA"},"content":{"rendered":"<p>Ce plugin permet de r\u00e9sumer automatiquement les conversations de chat ou de messagerie (Messenger, Slack, Teams&#8230;) pour extraire les points cl\u00e9s et g\u00e9n\u00e9rer des comptes rendus clairs. Vos \u00e9quipes peuvent gagner du temps et se concentrer sur l\u2019essentiel.<\/p>\n<p>&#8211; R\u00e9sum\u00e9 instantan\u00e9 des discussions longues<br \/>\n&#8211; Extraction des informations essentielles et des actions \u00e0 suivre<br \/>\n&#8211; Compatible avec WordPress et les syst\u00e8mes de messagerie les plus courants<br \/>\n&#8211; Interface simple et personnalisable<br \/>\n&#8211; Gain de temps et clart\u00e9 pour les comptes rendus<\/p>\n","protected":false},"excerpt":{"rendered":"<p>Ce plugin permet de r\u00e9sumer automatiquement les conversations de chat ou de messagerie (Messenger, Slack, Teams&#8230;) pour extraire les points cl\u00e9s et g\u00e9n\u00e9rer des comptes rendus clairs. Vos \u00e9quipes peuvent gagner du temps et se concentrer sur l\u2019essentiel. &#8211; R\u00e9sum\u00e9 instantan\u00e9 des discussions longues &#8211; Extraction des informations essentielles et des actions \u00e0 suivre &#8211; [&hellip;]<\/p>\n","protected":false},"featured_media":3916,"comment_status":"open","ping_status":"closed","template":"","meta":[],"product_brand":[],"product_cat":[],"product_tag":[],"class_list":{"0":"post-3903","1":"product","2":"type-product","3":"status-publish","4":"has-post-thumbnail","7":"first","8":"instock","9":"shipping-taxable","10":"product-type-simple"},"_links":{"self":[{"href":"https:\/\/zenasnisolutions.com\/index.php?rest_route=\/wp\/v2\/product\/3903","targetHints":{"allow":["GET"]}}],"collection":[{"href":"https:\/\/zenasnisolutions.com\/index.php?rest_route=\/wp\/v2\/product"}],"about":[{"href":"https:\/\/zenasnisolutions.com\/index.php?rest_route=\/wp\/v2\/types\/product"}],"replies":[{"embeddable":true,"href":"https:\/\/zenasnisolutions.com\/index.php?rest_route=%2Fwp%2Fv2%2Fcomments&post=3903"}],"wp:featuredmedia":[{"embeddable":true,"href":"https:\/\/zenasnisolutions.com\/index.php?rest_route=\/wp\/v2\/media\/3916"}],"wp:attachment":[{"href":"https:\/\/zenasnisolutions.com\/index.php?rest_route=%2Fwp%2Fv2%2Fmedia&parent=3903"}],"wp:term":[{"taxonomy":"product_brand","embeddable":true,"href":"https:\/\/zenasnisolutions.com\/index.php?rest_route=%2Fwp%2Fv2%2Fproduct_brand&post=3903"},{"taxonomy":"product_cat","embeddable":true,"href":"https:\/\/zenasnisolutions.com\/index.php?rest_route=%2Fwp%2Fv2%2Fproduct_cat&post=3903"},{"taxonomy":"product_tag","embeddable":true,"href":"https:\/\/zenasnisolutions.com\/index.php?rest_route=%2Fwp%2Fv2%2Fproduct_tag&post=3903"}],"curies":[{"name":"wp","href":"https:\/\/api.w.org\/{rel}","templated":true}]}}