{"id":3900,"date":"2026-04-01T13:09:54","date_gmt":"2026-04-01T11:09:54","guid":{"rendered":"https:\/\/zenasnisolutions.com\/?post_type=product&#038;p=3900"},"modified":"2026-04-01T17:12:20","modified_gmt":"2026-04-01T15:12:20","slug":"zenai-image-alt-generator-generateur-de-balises-alt-ia","status":"publish","type":"product","link":"https:\/\/zenasnisolutions.com\/?product=zenai-image-alt-generator-generateur-de-balises-alt-ia","title":{"rendered":"ZenAI Image Alt Generator \u2014 G\u00e9n\u00e9rateur de balises alt IA"},"content":{"rendered":"<p>Ce plugin WordPress g\u00e9n\u00e8re automatiquement des balises alt pertinentes et descriptives pour vos images en utilisant l\u2019intelligence artificielle. Id\u00e9al pour am\u00e9liorer l\u2019accessibilit\u00e9 et le r\u00e9f\u00e9rencement de votre site sans effort.<\/p>\n<p>&#8211; Analyse du contenu de l\u2019image pour proposer des descriptions pr\u00e9cises<br \/>\n&#8211; Optimisation SEO par des balises alt pertinentes<br \/>\n&#8211; Am\u00e9liore l\u2019accessibilit\u00e9 pour les lecteurs d\u2019\u00e9cran<br \/>\n&#8211; Interface simple et installation rapide<br \/>\n&#8211; Gain de temps sur la r\u00e9daction manuelle des descriptions<\/p>\n","protected":false},"excerpt":{"rendered":"<p>Ce plugin WordPress g\u00e9n\u00e8re automatiquement des balises alt pertinentes et descriptives pour vos images en utilisant l\u2019intelligence artificielle. Id\u00e9al pour am\u00e9liorer l\u2019accessibilit\u00e9 et le r\u00e9f\u00e9rencement de votre site sans effort. &#8211; Analyse du contenu de l\u2019image pour proposer des descriptions pr\u00e9cises &#8211; Optimisation SEO par des balises alt pertinentes &#8211; Am\u00e9liore l\u2019accessibilit\u00e9 pour les lecteurs [&hellip;]<\/p>\n","protected":false},"featured_media":3920,"comment_status":"open","ping_status":"closed","template":"","meta":[],"product_brand":[],"product_cat":[68],"product_tag":[],"class_list":{"0":"post-3900","1":"product","2":"type-product","3":"status-publish","4":"has-post-thumbnail","6":"product_cat-plugins-ia","8":"first","9":"instock","10":"downloadable","11":"shipping-taxable","12":"purchasable","13":"product-type-simple"},"_links":{"self":[{"href":"https:\/\/zenasnisolutions.com\/index.php?rest_route=\/wp\/v2\/product\/3900","targetHints":{"allow":["GET"]}}],"collection":[{"href":"https:\/\/zenasnisolutions.com\/index.php?rest_route=\/wp\/v2\/product"}],"about":[{"href":"https:\/\/zenasnisolutions.com\/index.php?rest_route=\/wp\/v2\/types\/product"}],"replies":[{"embeddable":true,"href":"https:\/\/zenasnisolutions.com\/index.php?rest_route=%2Fwp%2Fv2%2Fcomments&post=3900"}],"wp:featuredmedia":[{"embeddable":true,"href":"https:\/\/zenasnisolutions.com\/index.php?rest_route=\/wp\/v2\/media\/3920"}],"wp:attachment":[{"href":"https:\/\/zenasnisolutions.com\/index.php?rest_route=%2Fwp%2Fv2%2Fmedia&parent=3900"}],"wp:term":[{"taxonomy":"product_brand","embeddable":true,"href":"https:\/\/zenasnisolutions.com\/index.php?rest_route=%2Fwp%2Fv2%2Fproduct_brand&post=3900"},{"taxonomy":"product_cat","embeddable":true,"href":"https:\/\/zenasnisolutions.com\/index.php?rest_route=%2Fwp%2Fv2%2Fproduct_cat&post=3900"},{"taxonomy":"product_tag","embeddable":true,"href":"https:\/\/zenasnisolutions.com\/index.php?rest_route=%2Fwp%2Fv2%2Fproduct_tag&post=3900"}],"curies":[{"name":"wp","href":"https:\/\/api.w.org\/{rel}","templated":true}]}}