{"id":3897,"date":"2026-04-01T12:55:29","date_gmt":"2026-04-01T10:55:29","guid":{"rendered":"https:\/\/zenasnisolutions.com\/?post_type=product&#038;p=3897"},"modified":"2026-04-01T17:05:19","modified_gmt":"2026-04-01T15:05:19","slug":"zenai-comment-sentiment-analyzer-analyseur-de-sentiment-ia-des-commentaires","status":"publish","type":"product","link":"https:\/\/zenasnisolutions.com\/?product=zenai-comment-sentiment-analyzer-analyseur-de-sentiment-ia-des-commentaires","title":{"rendered":"ZenAI Comment Sentiment Analyzer \u2014 Analyseur de sentiment IA des commentaires"},"content":{"rendered":"<p>Ce plugin analyse automatiquement les commentaires et avis laiss\u00e9s sur votre site pour d\u00e9terminer s&rsquo;ils sont positifs, n\u00e9gatifs ou neutres. Obtenez des statistiques en temps r\u00e9el sur l\u2019humeur de votre audience et recevez des alertes lorsque des commentaires \u00e0 risque apparaissent.<\/p>\n<p>&#8211; D\u00e9tection instantan\u00e9e des sentiments (positif, n\u00e9gatif, neutre)<br \/>\n&#8211; Tableau de bord de synth\u00e8se des tendances<br \/>\n&#8211; Int\u00e9gration directe avec les commentaires WordPress<br \/>\n&#8211; Mise en avant des commentaires \u00e0 forte valeur ou \u00e0 traiter rapidement<br \/>\n&#8211; Gain de temps et qualit\u00e9 de service am\u00e9lior\u00e9e<\/p>\n","protected":false},"excerpt":{"rendered":"<p>Ce plugin analyse automatiquement les commentaires et avis laiss\u00e9s sur votre site pour d\u00e9terminer s&rsquo;ils sont positifs, n\u00e9gatifs ou neutres. Obtenez des statistiques en temps r\u00e9el sur l\u2019humeur de votre audience et recevez des alertes lorsque des commentaires \u00e0 risque apparaissent. &#8211; D\u00e9tection instantan\u00e9e des sentiments (positif, n\u00e9gatif, neutre) &#8211; Tableau de bord de synth\u00e8se [&hellip;]<\/p>\n","protected":false},"featured_media":3919,"comment_status":"open","ping_status":"closed","template":"","meta":[],"product_brand":[],"product_cat":[68],"product_tag":[],"class_list":{"0":"post-3897","1":"product","2":"type-product","3":"status-publish","4":"has-post-thumbnail","6":"product_cat-plugins-ia","8":"first","9":"instock","10":"downloadable","11":"virtual","12":"purchasable","13":"product-type-simple"},"_links":{"self":[{"href":"https:\/\/zenasnisolutions.com\/index.php?rest_route=\/wp\/v2\/product\/3897","targetHints":{"allow":["GET"]}}],"collection":[{"href":"https:\/\/zenasnisolutions.com\/index.php?rest_route=\/wp\/v2\/product"}],"about":[{"href":"https:\/\/zenasnisolutions.com\/index.php?rest_route=\/wp\/v2\/types\/product"}],"replies":[{"embeddable":true,"href":"https:\/\/zenasnisolutions.com\/index.php?rest_route=%2Fwp%2Fv2%2Fcomments&post=3897"}],"wp:featuredmedia":[{"embeddable":true,"href":"https:\/\/zenasnisolutions.com\/index.php?rest_route=\/wp\/v2\/media\/3919"}],"wp:attachment":[{"href":"https:\/\/zenasnisolutions.com\/index.php?rest_route=%2Fwp%2Fv2%2Fmedia&parent=3897"}],"wp:term":[{"taxonomy":"product_brand","embeddable":true,"href":"https:\/\/zenasnisolutions.com\/index.php?rest_route=%2Fwp%2Fv2%2Fproduct_brand&post=3897"},{"taxonomy":"product_cat","embeddable":true,"href":"https:\/\/zenasnisolutions.com\/index.php?rest_route=%2Fwp%2Fv2%2Fproduct_cat&post=3897"},{"taxonomy":"product_tag","embeddable":true,"href":"https:\/\/zenasnisolutions.com\/index.php?rest_route=%2Fwp%2Fv2%2Fproduct_tag&post=3897"}],"curies":[{"name":"wp","href":"https:\/\/api.w.org\/{rel}","templated":true}]}}