{"id":3893,"date":"2026-04-01T11:39:04","date_gmt":"2026-04-01T09:39:04","guid":{"rendered":"https:\/\/zenasnisolutions.com\/?post_type=product&#038;p=3893"},"modified":"2026-04-01T11:39:04","modified_gmt":"2026-04-01T09:39:04","slug":"zenai-personal-assistant-assistant-personnel-ia","status":"publish","type":"product","link":"https:\/\/zenasnisolutions.com\/?product=zenai-personal-assistant-assistant-personnel-ia","title":{"rendered":"ZenAI Personal Assistant \u2014 Assistant personnel IA"},"content":{"rendered":"<p>Ce plugin transforme votre site WordPress en assistant personnel intelligent. Gr\u00e2ce \u00e0 l\u2019IA, il vous aide \u00e0 organiser votre emploi du temps, \u00e0 g\u00e9n\u00e9rer des rappels automatiques, \u00e0 regrouper les t\u00e2ches importantes et \u00e0 fournir des recommandations personnalis\u00e9es pour g\u00e9rer vos projets. Il int\u00e8gre un tableau de bord pour suivre vos actions, envoyer des notifications et centraliser vos messages. Id\u00e9al pour les entrepreneurs et freelances qui souhaitent gagner du temps et rester organis\u00e9s, il s\u2019installe en quelques clics et se configure en toute simplicit\u00e9.<\/p>\n","protected":false},"excerpt":{"rendered":"<p>Ce plugin transforme votre site WordPress en assistant personnel intelligent. Gr\u00e2ce \u00e0 l\u2019IA, il vous aide \u00e0 organiser votre emploi du temps, \u00e0 g\u00e9n\u00e9rer des rappels automatiques, \u00e0 regrouper les t\u00e2ches importantes et \u00e0 fournir des recommandations personnalis\u00e9es pour g\u00e9rer vos projets. Il int\u00e8gre un tableau de bord pour suivre vos actions, envoyer des notifications [&hellip;]<\/p>\n","protected":false},"featured_media":0,"comment_status":"open","ping_status":"closed","template":"","meta":[],"product_brand":[],"product_cat":[68],"product_tag":[],"class_list":{"0":"post-3893","1":"product","2":"type-product","3":"status-publish","5":"product_cat-plugins-ia","7":"first","8":"instock","9":"downloadable","10":"shipping-taxable","11":"purchasable","12":"product-type-simple"},"_links":{"self":[{"href":"https:\/\/zenasnisolutions.com\/index.php?rest_route=\/wp\/v2\/product\/3893","targetHints":{"allow":["GET"]}}],"collection":[{"href":"https:\/\/zenasnisolutions.com\/index.php?rest_route=\/wp\/v2\/product"}],"about":[{"href":"https:\/\/zenasnisolutions.com\/index.php?rest_route=\/wp\/v2\/types\/product"}],"replies":[{"embeddable":true,"href":"https:\/\/zenasnisolutions.com\/index.php?rest_route=%2Fwp%2Fv2%2Fcomments&post=3893"}],"wp:attachment":[{"href":"https:\/\/zenasnisolutions.com\/index.php?rest_route=%2Fwp%2Fv2%2Fmedia&parent=3893"}],"wp:term":[{"taxonomy":"product_brand","embeddable":true,"href":"https:\/\/zenasnisolutions.com\/index.php?rest_route=%2Fwp%2Fv2%2Fproduct_brand&post=3893"},{"taxonomy":"product_cat","embeddable":true,"href":"https:\/\/zenasnisolutions.com\/index.php?rest_route=%2Fwp%2Fv2%2Fproduct_cat&post=3893"},{"taxonomy":"product_tag","embeddable":true,"href":"https:\/\/zenasnisolutions.com\/index.php?rest_route=%2Fwp%2Fv2%2Fproduct_tag&post=3893"}],"curies":[{"name":"wp","href":"https:\/\/api.w.org\/{rel}","templated":true}]}}