{"id":3870,"date":"2026-04-01T03:41:24","date_gmt":"2026-04-01T01:41:24","guid":{"rendered":"https:\/\/zenasnisolutions.com\/?post_type=product&#038;p=3870"},"modified":"2026-04-01T03:41:24","modified_gmt":"2026-04-01T01:41:24","slug":"zenai-blog-generator-generateur-darticles-ia","status":"publish","type":"product","link":"https:\/\/zenasnisolutions.com\/?product=zenai-blog-generator-generateur-darticles-ia","title":{"rendered":"ZenAI Blog Generator \u2014 G\u00e9n\u00e9rateur d&rsquo;articles IA"},"content":{"rendered":"<p>Ce plugin WordPress g\u00e9n\u00e8re des articles de blog complets \u00e0 l&rsquo;aide de l&rsquo;intelligence artificielle. Il ajoute une m\u00e9ta\u2011bo\u00eete \u00e0 l&rsquo;\u00e9diteur qui vous permet de cr\u00e9er du contenu pertinent en un clic.<\/p>\n<p>Fonctionnalit\u00e9s principales\u00a0:<br \/>\n\u2022 G\u00e9n\u00e9ration automatique d&rsquo;articles optimis\u00e9s<br \/>\n\u2022 Suggestions de structure et titres<br \/>\n\u2022 Int\u00e9gration transparente dans l\u2019\u00e9diteur WordPress<br \/>\n\u2022 Gain de temps et cr\u00e9ativit\u00e9 boost\u00e9e<\/p>\n","protected":false},"excerpt":{"rendered":"<p>Ce plugin WordPress g\u00e9n\u00e8re des articles de blog complets \u00e0 l&rsquo;aide de l&rsquo;intelligence artificielle. Il ajoute une m\u00e9ta\u2011bo\u00eete \u00e0 l&rsquo;\u00e9diteur qui vous permet de cr\u00e9er du contenu pertinent en un clic. Fonctionnalit\u00e9s principales\u00a0: \u2022 G\u00e9n\u00e9ration automatique d&rsquo;articles optimis\u00e9s \u2022 Suggestions de structure et titres \u2022 Int\u00e9gration transparente dans l\u2019\u00e9diteur WordPress \u2022 Gain de temps et [&hellip;]<\/p>\n","protected":false},"featured_media":0,"comment_status":"open","ping_status":"closed","template":"","meta":[],"product_brand":[],"product_cat":[68],"product_tag":[],"class_list":{"0":"post-3870","1":"product","2":"type-product","3":"status-publish","5":"product_cat-plugins-ia","7":"first","8":"instock","9":"downloadable","10":"virtual","11":"purchasable","12":"product-type-simple"},"_links":{"self":[{"href":"https:\/\/zenasnisolutions.com\/index.php?rest_route=\/wp\/v2\/product\/3870","targetHints":{"allow":["GET"]}}],"collection":[{"href":"https:\/\/zenasnisolutions.com\/index.php?rest_route=\/wp\/v2\/product"}],"about":[{"href":"https:\/\/zenasnisolutions.com\/index.php?rest_route=\/wp\/v2\/types\/product"}],"replies":[{"embeddable":true,"href":"https:\/\/zenasnisolutions.com\/index.php?rest_route=%2Fwp%2Fv2%2Fcomments&post=3870"}],"wp:attachment":[{"href":"https:\/\/zenasnisolutions.com\/index.php?rest_route=%2Fwp%2Fv2%2Fmedia&parent=3870"}],"wp:term":[{"taxonomy":"product_brand","embeddable":true,"href":"https:\/\/zenasnisolutions.com\/index.php?rest_route=%2Fwp%2Fv2%2Fproduct_brand&post=3870"},{"taxonomy":"product_cat","embeddable":true,"href":"https:\/\/zenasnisolutions.com\/index.php?rest_route=%2Fwp%2Fv2%2Fproduct_cat&post=3870"},{"taxonomy":"product_tag","embeddable":true,"href":"https:\/\/zenasnisolutions.com\/index.php?rest_route=%2Fwp%2Fv2%2Fproduct_tag&post=3870"}],"curies":[{"name":"wp","href":"https:\/\/api.w.org\/{rel}","templated":true}]}}