{"id":3868,"date":"2026-04-01T02:18:30","date_gmt":"2026-04-01T00:18:30","guid":{"rendered":"https:\/\/zenasnisolutions.com\/?post_type=product&#038;p=3868"},"modified":"2026-04-01T02:18:30","modified_gmt":"2026-04-01T00:18:30","slug":"zenai-email-assistant-assistant-de-reponse-e-mail-ia","status":"publish","type":"product","link":"https:\/\/zenasnisolutions.com\/?product=zenai-email-assistant-assistant-de-reponse-e-mail-ia","title":{"rendered":"ZenAI Email Assistant \u2014 Assistant de r\u00e9ponse e-mail IA"},"content":{"rendered":"<p>Ce plugin WordPress vous aide \u00e0 r\u00e9diger et envoyer des r\u00e9ponses e\u2011mail personnalis\u00e9es gr\u00e2ce \u00e0 l\u2019intelligence artificielle. Il analyse le contenu des e-mails entrants, propose des r\u00e9ponses adapt\u00e9es, et apprend de vos pr\u00e9f\u00e9rences.<\/p>\n<p>Fonctionnalit\u00e9s principales\u00a0:<br \/>\n\u2022 Suggestions de r\u00e9ponses automatiques<br \/>\n\u2022 Personnalisation du ton et du style<br \/>\n\u2022 Int\u00e9gration avec Gmail et Outlook<br \/>\n\u2022 Support multilingue<br \/>\n\u2022 Gain de temps et meilleure productivit\u00e9<\/p>\n","protected":false},"excerpt":{"rendered":"<p>Ce plugin WordPress vous aide \u00e0 r\u00e9diger et envoyer des r\u00e9ponses e\u2011mail personnalis\u00e9es gr\u00e2ce \u00e0 l\u2019intelligence artificielle. Il analyse le contenu des e-mails entrants, propose des r\u00e9ponses adapt\u00e9es, et apprend de vos pr\u00e9f\u00e9rences. Fonctionnalit\u00e9s principales\u00a0: \u2022 Suggestions de r\u00e9ponses automatiques \u2022 Personnalisation du ton et du style \u2022 Int\u00e9gration avec Gmail et Outlook \u2022 Support [&hellip;]<\/p>\n","protected":false},"featured_media":0,"comment_status":"open","ping_status":"closed","template":"","meta":[],"product_brand":[],"product_cat":[68],"product_tag":[],"class_list":{"0":"post-3868","1":"product","2":"type-product","3":"status-publish","5":"product_cat-plugins-ia","7":"first","8":"instock","9":"downloadable","10":"virtual","11":"purchasable","12":"product-type-simple"},"_links":{"self":[{"href":"https:\/\/zenasnisolutions.com\/index.php?rest_route=\/wp\/v2\/product\/3868","targetHints":{"allow":["GET"]}}],"collection":[{"href":"https:\/\/zenasnisolutions.com\/index.php?rest_route=\/wp\/v2\/product"}],"about":[{"href":"https:\/\/zenasnisolutions.com\/index.php?rest_route=\/wp\/v2\/types\/product"}],"replies":[{"embeddable":true,"href":"https:\/\/zenasnisolutions.com\/index.php?rest_route=%2Fwp%2Fv2%2Fcomments&post=3868"}],"wp:attachment":[{"href":"https:\/\/zenasnisolutions.com\/index.php?rest_route=%2Fwp%2Fv2%2Fmedia&parent=3868"}],"wp:term":[{"taxonomy":"product_brand","embeddable":true,"href":"https:\/\/zenasnisolutions.com\/index.php?rest_route=%2Fwp%2Fv2%2Fproduct_brand&post=3868"},{"taxonomy":"product_cat","embeddable":true,"href":"https:\/\/zenasnisolutions.com\/index.php?rest_route=%2Fwp%2Fv2%2Fproduct_cat&post=3868"},{"taxonomy":"product_tag","embeddable":true,"href":"https:\/\/zenasnisolutions.com\/index.php?rest_route=%2Fwp%2Fv2%2Fproduct_tag&post=3868"}],"curies":[{"name":"wp","href":"https:\/\/api.w.org\/{rel}","templated":true}]}}