{"id":3866,"date":"2026-04-01T02:16:11","date_gmt":"2026-04-01T00:16:11","guid":{"rendered":"https:\/\/zenasnisolutions.com\/?post_type=product&#038;p=3866"},"modified":"2026-04-01T02:16:11","modified_gmt":"2026-04-01T00:16:11","slug":"zenai-social-scheduler-planificateur-de-reseaux-sociaux-ia","status":"publish","type":"product","link":"https:\/\/zenasnisolutions.com\/?product=zenai-social-scheduler-planificateur-de-reseaux-sociaux-ia","title":{"rendered":"ZenAI Social Scheduler \u2014 Planificateur de r\u00e9seaux sociaux IA"},"content":{"rendered":"<p>Ce plugin WordPress vous permet de programmer automatiquement la publication de vos articles et pages sur les r\u00e9seaux sociaux (Facebook, Twitter, LinkedIn, etc.) gr\u00e2ce \u00e0 l&rsquo;intelligence artificielle. Il simplifie la gestion de vos campagnes sociales, vous fait gagner du temps et optimise la diffusion de votre contenu.<\/p>\n<p>Fonctionnalit\u00e9s principales\u00a0:<br \/>\n\u2022 Planification intelligente des publications<br \/>\n\u2022 Messages personnalisables pour chaque r\u00e9seau<br \/>\n\u2022 Support de plusieurs comptes sociaux<br \/>\n\u2022 Interface intuitive pour g\u00e9rer les campagnes<br \/>\n\u2022 Gain de temps et visibilit\u00e9 accrue<\/p>\n","protected":false},"excerpt":{"rendered":"<p>Ce plugin WordPress vous permet de programmer automatiquement la publication de vos articles et pages sur les r\u00e9seaux sociaux (Facebook, Twitter, LinkedIn, etc.) gr\u00e2ce \u00e0 l&rsquo;intelligence artificielle. Il simplifie la gestion de vos campagnes sociales, vous fait gagner du temps et optimise la diffusion de votre contenu. Fonctionnalit\u00e9s principales\u00a0: \u2022 Planification intelligente des publications \u2022 [&hellip;]<\/p>\n","protected":false},"featured_media":0,"comment_status":"open","ping_status":"closed","template":"","meta":[],"product_brand":[],"product_cat":[68],"product_tag":[],"class_list":{"0":"post-3866","1":"product","2":"type-product","3":"status-publish","5":"product_cat-plugins-ia","7":"first","8":"instock","9":"downloadable","10":"virtual","11":"purchasable","12":"product-type-simple"},"_links":{"self":[{"href":"https:\/\/zenasnisolutions.com\/index.php?rest_route=\/wp\/v2\/product\/3866","targetHints":{"allow":["GET"]}}],"collection":[{"href":"https:\/\/zenasnisolutions.com\/index.php?rest_route=\/wp\/v2\/product"}],"about":[{"href":"https:\/\/zenasnisolutions.com\/index.php?rest_route=\/wp\/v2\/types\/product"}],"replies":[{"embeddable":true,"href":"https:\/\/zenasnisolutions.com\/index.php?rest_route=%2Fwp%2Fv2%2Fcomments&post=3866"}],"wp:attachment":[{"href":"https:\/\/zenasnisolutions.com\/index.php?rest_route=%2Fwp%2Fv2%2Fmedia&parent=3866"}],"wp:term":[{"taxonomy":"product_brand","embeddable":true,"href":"https:\/\/zenasnisolutions.com\/index.php?rest_route=%2Fwp%2Fv2%2Fproduct_brand&post=3866"},{"taxonomy":"product_cat","embeddable":true,"href":"https:\/\/zenasnisolutions.com\/index.php?rest_route=%2Fwp%2Fv2%2Fproduct_cat&post=3866"},{"taxonomy":"product_tag","embeddable":true,"href":"https:\/\/zenasnisolutions.com\/index.php?rest_route=%2Fwp%2Fv2%2Fproduct_tag&post=3866"}],"curies":[{"name":"wp","href":"https:\/\/api.w.org\/{rel}","templated":true}]}}