{"id":3864,"date":"2026-04-01T02:11:14","date_gmt":"2026-04-01T00:11:14","guid":{"rendered":"https:\/\/zenasnisolutions.com\/?post_type=product&#038;p=3864"},"modified":"2026-04-01T02:11:14","modified_gmt":"2026-04-01T00:11:14","slug":"zenai-seo-generator-optimiseur-seo-ia","status":"publish","type":"product","link":"https:\/\/zenasnisolutions.com\/?product=zenai-seo-generator-optimiseur-seo-ia","title":{"rendered":"ZenAI SEO Generator \u2014 Optimiseur SEO IA"},"content":{"rendered":"<p>Ce plugin g\u00e9n\u00e8re automatiquement des suggestions SEO pour vos articles et pages WordPress \u00e0 l\u2019aide d\u2019une intelligence artificielle. Il ajoute une bo\u00eete de suggestion dans l\u2019\u00e9diteur WordPress, vous permettant d\u2019obtenir des titres, mots-cl\u00e9s et descriptions optimis\u00e9s pour am\u00e9liorer votre r\u00e9f\u00e9rencement naturel. Vous gagnez du temps et am\u00e9liorez la visibilit\u00e9 de votre site.<\/p>\n<p>Fonctionnalit\u00e9s principales :<br \/>\n\u2022 Suggestions de titres et meta descriptions optimis\u00e9es<br \/>\n\u2022 Liste de mots-cl\u00e9s pertinents g\u00e9n\u00e9r\u00e9s par IA<br \/>\n\u2022 Int\u00e9gration directe dans l\u2019\u00e9diteur WordPress<br \/>\n\u2022 Installation rapide et utilisation intuitive<\/p>\n","protected":false},"excerpt":{"rendered":"<p>Ce plugin g\u00e9n\u00e8re automatiquement des suggestions SEO pour vos articles et pages WordPress \u00e0 l\u2019aide d\u2019une intelligence artificielle. Il ajoute une bo\u00eete de suggestion dans l\u2019\u00e9diteur WordPress, vous permettant d\u2019obtenir des titres, mots-cl\u00e9s et descriptions optimis\u00e9s pour am\u00e9liorer votre r\u00e9f\u00e9rencement naturel. Vous gagnez du temps et am\u00e9liorez la visibilit\u00e9 de votre site. Fonctionnalit\u00e9s principales : [&hellip;]<\/p>\n","protected":false},"featured_media":0,"comment_status":"open","ping_status":"closed","template":"","meta":[],"product_brand":[],"product_cat":[68],"product_tag":[],"class_list":{"0":"post-3864","1":"product","2":"type-product","3":"status-publish","5":"product_cat-plugins-ia","7":"first","8":"instock","9":"downloadable","10":"virtual","11":"purchasable","12":"product-type-simple"},"_links":{"self":[{"href":"https:\/\/zenasnisolutions.com\/index.php?rest_route=\/wp\/v2\/product\/3864","targetHints":{"allow":["GET"]}}],"collection":[{"href":"https:\/\/zenasnisolutions.com\/index.php?rest_route=\/wp\/v2\/product"}],"about":[{"href":"https:\/\/zenasnisolutions.com\/index.php?rest_route=\/wp\/v2\/types\/product"}],"replies":[{"embeddable":true,"href":"https:\/\/zenasnisolutions.com\/index.php?rest_route=%2Fwp%2Fv2%2Fcomments&post=3864"}],"wp:attachment":[{"href":"https:\/\/zenasnisolutions.com\/index.php?rest_route=%2Fwp%2Fv2%2Fmedia&parent=3864"}],"wp:term":[{"taxonomy":"product_brand","embeddable":true,"href":"https:\/\/zenasnisolutions.com\/index.php?rest_route=%2Fwp%2Fv2%2Fproduct_brand&post=3864"},{"taxonomy":"product_cat","embeddable":true,"href":"https:\/\/zenasnisolutions.com\/index.php?rest_route=%2Fwp%2Fv2%2Fproduct_cat&post=3864"},{"taxonomy":"product_tag","embeddable":true,"href":"https:\/\/zenasnisolutions.com\/index.php?rest_route=%2Fwp%2Fv2%2Fproduct_tag&post=3864"}],"curies":[{"name":"wp","href":"https:\/\/api.w.org\/{rel}","templated":true}]}}