{"id":3858,"date":"2026-04-01T02:03:30","date_gmt":"2026-04-01T00:03:30","guid":{"rendered":"https:\/\/zenasnisolutions.com\/?post_type=product&#038;p=3858"},"modified":"2026-04-01T16:50:44","modified_gmt":"2026-04-01T14:50:44","slug":"zenai-chatbot-support-plugin-de-support-client-ia","status":"publish","type":"product","link":"https:\/\/zenasnisolutions.com\/?product=zenai-chatbot-support-plugin-de-support-client-ia","title":{"rendered":"ZenAI Chatbot Support \u2014 Plugin de support client IA"},"content":{"rendered":"<p>Ce plugin ajoute un widget de chatbot IA \u00e0 votre site WordPress, permettant aux visiteurs de poser des questions en temps r\u00e9el et d&rsquo;obtenir des r\u00e9ponses automatis\u00e9es. Id\u00e9al pour renforcer le support client et l&rsquo;engagement, il s&rsquo;installe en quelques clics et fonctionne sans configuration complexe.<\/p>\n<p>Fonctionnalit\u00e9s principales\u00a0:<br \/>\n\u2022 Widget de chat flottant personnalisable<br \/>\n\u2022 Collecte et affichage des questions\/r\u00e9ponses en direct<br \/>\n\u2022 R\u00e9ponse automatique (texte g\u00e9n\u00e9rique dans cette version)<br \/>\n\u2022 Installation et activation rapides<\/p>\n","protected":false},"excerpt":{"rendered":"<p>Ce plugin ajoute un widget de chatbot IA \u00e0 votre site WordPress, permettant aux visiteurs de poser des questions en temps r\u00e9el et d&rsquo;obtenir des r\u00e9ponses automatis\u00e9es. Id\u00e9al pour renforcer le support client et l&rsquo;engagement, il s&rsquo;installe en quelques clics et fonctionne sans configuration complexe. Fonctionnalit\u00e9s principales\u00a0: \u2022 Widget de chat flottant personnalisable \u2022 Collecte [&hellip;]<\/p>\n","protected":false},"featured_media":3918,"comment_status":"open","ping_status":"closed","template":"","meta":[],"product_brand":[],"product_cat":[68],"product_tag":[],"class_list":{"0":"post-3858","1":"product","2":"type-product","3":"status-publish","4":"has-post-thumbnail","6":"product_cat-plugins-ia","8":"first","9":"instock","10":"downloadable","11":"shipping-taxable","12":"purchasable","13":"product-type-simple"},"_links":{"self":[{"href":"https:\/\/zenasnisolutions.com\/index.php?rest_route=\/wp\/v2\/product\/3858","targetHints":{"allow":["GET"]}}],"collection":[{"href":"https:\/\/zenasnisolutions.com\/index.php?rest_route=\/wp\/v2\/product"}],"about":[{"href":"https:\/\/zenasnisolutions.com\/index.php?rest_route=\/wp\/v2\/types\/product"}],"replies":[{"embeddable":true,"href":"https:\/\/zenasnisolutions.com\/index.php?rest_route=%2Fwp%2Fv2%2Fcomments&post=3858"}],"wp:featuredmedia":[{"embeddable":true,"href":"https:\/\/zenasnisolutions.com\/index.php?rest_route=\/wp\/v2\/media\/3918"}],"wp:attachment":[{"href":"https:\/\/zenasnisolutions.com\/index.php?rest_route=%2Fwp%2Fv2%2Fmedia&parent=3858"}],"wp:term":[{"taxonomy":"product_brand","embeddable":true,"href":"https:\/\/zenasnisolutions.com\/index.php?rest_route=%2Fwp%2Fv2%2Fproduct_brand&post=3858"},{"taxonomy":"product_cat","embeddable":true,"href":"https:\/\/zenasnisolutions.com\/index.php?rest_route=%2Fwp%2Fv2%2Fproduct_cat&post=3858"},{"taxonomy":"product_tag","embeddable":true,"href":"https:\/\/zenasnisolutions.com\/index.php?rest_route=%2Fwp%2Fv2%2Fproduct_tag&post=3858"}],"curies":[{"name":"wp","href":"https:\/\/api.w.org\/{rel}","templated":true}]}}