{"id":3855,"date":"2026-04-01T01:21:21","date_gmt":"2026-03-31T23:21:21","guid":{"rendered":"https:\/\/zenasnisolutions.com\/?post_type=product&#038;p=3855"},"modified":"2026-04-01T01:21:21","modified_gmt":"2026-03-31T23:21:21","slug":"ai-page-summarizer-extension-chrome-danalyse-de-page","status":"publish","type":"product","link":"https:\/\/zenasnisolutions.com\/?product=ai-page-summarizer-extension-chrome-danalyse-de-page","title":{"rendered":"AI Page Summarizer \u2014 Extension Chrome d&rsquo;analyse de page"},"content":{"rendered":"<p>Cette extension Chrome fournit un r\u00e9sum\u00e9 instantan\u00e9 et pertinent de n\u2019importe quelle page web gr\u00e2ce \u00e0 l\u2019intelligence artificielle. Id\u00e9ale pour gagner du temps dans vos recherches et analyses, elle extrait les points cl\u00e9s, g\u00e9n\u00e8re un r\u00e9sum\u00e9 de quelques lignes et propose des actions recommand\u00e9es. Fonctionne directement dans le navigateur et n\u2019exige aucune configuration complexe. Le fichier ZIP \u00e0 t\u00e9l\u00e9charger contient l\u2019extension pr\u00eate \u00e0 installer et un guide d\u2019utilisation.<\/p>\n","protected":false},"excerpt":{"rendered":"<p>Cette extension Chrome fournit un r\u00e9sum\u00e9 instantan\u00e9 et pertinent de n\u2019importe quelle page web gr\u00e2ce \u00e0 l\u2019intelligence artificielle. Id\u00e9ale pour gagner du temps dans vos recherches et analyses, elle extrait les points cl\u00e9s, g\u00e9n\u00e8re un r\u00e9sum\u00e9 de quelques lignes et propose des actions recommand\u00e9es. Fonctionne directement dans le navigateur et n\u2019exige aucune configuration complexe. Le [&hellip;]<\/p>\n","protected":false},"featured_media":0,"comment_status":"open","ping_status":"closed","template":"","meta":[],"product_brand":[],"product_cat":[68],"product_tag":[],"class_list":{"0":"post-3855","1":"product","2":"type-product","3":"status-publish","5":"product_cat-plugins-ia","7":"first","8":"instock","9":"downloadable","10":"shipping-taxable","11":"purchasable","12":"product-type-simple"},"_links":{"self":[{"href":"https:\/\/zenasnisolutions.com\/index.php?rest_route=\/wp\/v2\/product\/3855","targetHints":{"allow":["GET"]}}],"collection":[{"href":"https:\/\/zenasnisolutions.com\/index.php?rest_route=\/wp\/v2\/product"}],"about":[{"href":"https:\/\/zenasnisolutions.com\/index.php?rest_route=\/wp\/v2\/types\/product"}],"replies":[{"embeddable":true,"href":"https:\/\/zenasnisolutions.com\/index.php?rest_route=%2Fwp%2Fv2%2Fcomments&post=3855"}],"wp:attachment":[{"href":"https:\/\/zenasnisolutions.com\/index.php?rest_route=%2Fwp%2Fv2%2Fmedia&parent=3855"}],"wp:term":[{"taxonomy":"product_brand","embeddable":true,"href":"https:\/\/zenasnisolutions.com\/index.php?rest_route=%2Fwp%2Fv2%2Fproduct_brand&post=3855"},{"taxonomy":"product_cat","embeddable":true,"href":"https:\/\/zenasnisolutions.com\/index.php?rest_route=%2Fwp%2Fv2%2Fproduct_cat&post=3855"},{"taxonomy":"product_tag","embeddable":true,"href":"https:\/\/zenasnisolutions.com\/index.php?rest_route=%2Fwp%2Fv2%2Fproduct_tag&post=3855"}],"curies":[{"name":"wp","href":"https:\/\/api.w.org\/{rel}","templated":true}]}}