{"id":3849,"date":"2026-04-01T00:42:41","date_gmt":"2026-03-31T22:42:41","guid":{"rendered":"https:\/\/zenasnisolutions.com\/?post_type=product&#038;p=3849"},"modified":"2026-04-01T18:30:26","modified_gmt":"2026-04-01T16:30:26","slug":"pack-starter-automatisation-simple","status":"publish","type":"product","link":"https:\/\/zenasnisolutions.com\/?product=pack-starter-automatisation-simple","title":{"rendered":"ZenAI Quick Automator \u2014 Plugin d&rsquo;automatisation IA"},"content":{"rendered":"<p>ZenAI Quick Automator est un plugin d&rsquo;automatisation IA pour WordPress qui vous permet de configurer et lancer des workflows intelligents sans coder. Il s&rsquo;int\u00e8gre \u00e0 votre site pour automatiser des t\u00e2ches r\u00e9p\u00e9titives, d\u00e9clencher des actions bas\u00e9es sur des \u00e9v\u00e9nements et gagner un temps pr\u00e9cieux. L&rsquo;extension inclut une interface conviviale pour cr\u00e9er des automatisations pr\u00eates \u00e0 l&#8217;emploi en quelques clics et utilise l&rsquo;IA pour optimiser les param\u00e8tres. Le fichier ZIP contient le plugin complet avec guide d&rsquo;installation.<\/p>\n","protected":false},"excerpt":{"rendered":"<p>ZenAI Quick Automator est un plugin d&rsquo;automatisation IA pour WordPress qui vous permet de configurer et lancer des workflows intelligents sans coder. Il s&rsquo;int\u00e8gre \u00e0 votre site pour automatiser des t\u00e2ches r\u00e9p\u00e9titives, d\u00e9clencher des actions bas\u00e9es sur des \u00e9v\u00e9nements et gagner un temps pr\u00e9cieux. L&rsquo;extension inclut une interface conviviale pour cr\u00e9er des automatisations pr\u00eates \u00e0 [&hellip;]<\/p>\n","protected":false},"featured_media":3926,"comment_status":"open","ping_status":"closed","template":"","meta":[],"product_brand":[],"product_cat":[68],"product_tag":[],"class_list":{"0":"post-3849","1":"product","2":"type-product","3":"status-publish","4":"has-post-thumbnail","6":"product_cat-plugins-ia","8":"first","9":"instock","10":"downloadable","11":"shipping-taxable","12":"purchasable","13":"product-type-simple"},"_links":{"self":[{"href":"https:\/\/zenasnisolutions.com\/index.php?rest_route=\/wp\/v2\/product\/3849","targetHints":{"allow":["GET"]}}],"collection":[{"href":"https:\/\/zenasnisolutions.com\/index.php?rest_route=\/wp\/v2\/product"}],"about":[{"href":"https:\/\/zenasnisolutions.com\/index.php?rest_route=\/wp\/v2\/types\/product"}],"replies":[{"embeddable":true,"href":"https:\/\/zenasnisolutions.com\/index.php?rest_route=%2Fwp%2Fv2%2Fcomments&post=3849"}],"wp:featuredmedia":[{"embeddable":true,"href":"https:\/\/zenasnisolutions.com\/index.php?rest_route=\/wp\/v2\/media\/3926"}],"wp:attachment":[{"href":"https:\/\/zenasnisolutions.com\/index.php?rest_route=%2Fwp%2Fv2%2Fmedia&parent=3849"}],"wp:term":[{"taxonomy":"product_brand","embeddable":true,"href":"https:\/\/zenasnisolutions.com\/index.php?rest_route=%2Fwp%2Fv2%2Fproduct_brand&post=3849"},{"taxonomy":"product_cat","embeddable":true,"href":"https:\/\/zenasnisolutions.com\/index.php?rest_route=%2Fwp%2Fv2%2Fproduct_cat&post=3849"},{"taxonomy":"product_tag","embeddable":true,"href":"https:\/\/zenasnisolutions.com\/index.php?rest_route=%2Fwp%2Fv2%2Fproduct_tag&post=3849"}],"curies":[{"name":"wp","href":"https:\/\/api.w.org\/{rel}","templated":true}]}}