{"id":3,"date":"2026-03-24T19:53:09","date_gmt":"2026-03-24T19:53:09","guid":{"rendered":"http:\/\/zenasnisolutions.com\/?page_id=3"},"modified":"2026-03-25T22:00:17","modified_gmt":"2026-03-25T21:00:17","slug":"privacy-policy","status":"publish","type":"page","link":"https:\/\/zenasnisolutions.com\/?page_id=3","title":{"rendered":"Politique de confidentialit\u00e9"},"content":{"rendered":"\n<section class=\"zns-shell zns-simple-hero\">\n  <div class=\"zns-kicker\">Confidentialit\u00e9<\/div>\n  <h1>Politique de confidentialit\u00e9<\/h1>\n  <p>Cette page sert de base de confidentialit\u00e9 du site. Elle devra \u00eatre finalis\u00e9e avec les informations exactes concernant les cookies, mesures d\u2019audience, formulaires, h\u00e9bergement et partenaires tiers.<\/p>\n  <p>Version minimale mise en place pour structurer proprement le site pendant la refonte.<\/p>\n<\/section>\n","protected":false},"excerpt":{"rendered":"<p>Confidentialit\u00e9 Politique de confidentialit\u00e9 Cette page sert de base de confidentialit\u00e9 du site. Elle devra \u00eatre finalis\u00e9e avec les informations exactes concernant les cookies, mesures d\u2019audience, formulaires, h\u00e9bergement et partenaires tiers. Version minimale mise en place pour structurer proprement le site pendant la refonte.<\/p>\n","protected":false},"author":1,"featured_media":0,"parent":0,"menu_order":0,"comment_status":"closed","ping_status":"open","template":"","meta":{"footnotes":""},"class_list":["post-3","page","type-page","status-publish","hentry"],"_links":{"self":[{"href":"https:\/\/zenasnisolutions.com\/index.php?rest_route=\/wp\/v2\/pages\/3","targetHints":{"allow":["GET"]}}],"collection":[{"href":"https:\/\/zenasnisolutions.com\/index.php?rest_route=\/wp\/v2\/pages"}],"about":[{"href":"https:\/\/zenasnisolutions.com\/index.php?rest_route=\/wp\/v2\/types\/page"}],"author":[{"embeddable":true,"href":"https:\/\/zenasnisolutions.com\/index.php?rest_route=\/wp\/v2\/users\/1"}],"replies":[{"embeddable":true,"href":"https:\/\/zenasnisolutions.com\/index.php?rest_route=%2Fwp%2Fv2%2Fcomments&post=3"}],"version-history":[{"count":1,"href":"https:\/\/zenasnisolutions.com\/index.php?rest_route=\/wp\/v2\/pages\/3\/revisions"}],"predecessor-version":[{"id":2831,"href":"https:\/\/zenasnisolutions.com\/index.php?rest_route=\/wp\/v2\/pages\/3\/revisions\/2831"}],"wp:attachment":[{"href":"https:\/\/zenasnisolutions.com\/index.php?rest_route=%2Fwp%2Fv2%2Fmedia&parent=3"}],"curies":[{"name":"wp","href":"https:\/\/api.w.org\/{rel}","templated":true}]}}