{"id":2829,"date":"2026-03-25T22:00:17","date_gmt":"2026-03-25T21:00:17","guid":{"rendered":"http:\/\/zenasnisolutions.com\/?page_id=2829"},"modified":"2026-03-25T22:00:17","modified_gmt":"2026-03-25T21:00:17","slug":"a-propos","status":"publish","type":"page","link":"https:\/\/zenasnisolutions.com\/?page_id=2829","title":{"rendered":"\u00c0 propos"},"content":{"rendered":"\n<section class=\"zns-shell zns-simple-hero\">\n  <div class=\"zns-kicker\">\u00c0 propos<\/div>\n  <h1>Zenasni Solutions<\/h1>\n  <p>Zenasni Solutions est un marketplace orient\u00e9 d\u00e9couverte produit. L\u2019objectif est simple : aider les visiteurs \u00e0 trouver plus vite des produits pertinents gr\u00e2ce \u00e0 une exp\u00e9rience de recherche claire, un catalogue lisible et des fiches orient\u00e9es d\u00e9cision.<\/p>\n  <p>Le site pr\u00e9sente des offres externes s\u00e9lectionn\u00e9es et redirige vers des partenaires marchands lorsque le visiteur souhaite consulter l\u2019offre d\u00e9taill\u00e9e.<\/p>\n<\/section>\n","protected":false},"excerpt":{"rendered":"<p>\u00c0 propos Zenasni Solutions Zenasni Solutions est un marketplace orient\u00e9 d\u00e9couverte produit. L\u2019objectif est simple : aider les visiteurs \u00e0 trouver plus vite des produits pertinents gr\u00e2ce \u00e0 une exp\u00e9rience de recherche claire, un catalogue lisible et des fiches orient\u00e9es d\u00e9cision. Le site pr\u00e9sente des offres externes s\u00e9lectionn\u00e9es et redirige vers des partenaires marchands lorsque [&hellip;]<\/p>\n","protected":false},"author":0,"featured_media":0,"parent":0,"menu_order":0,"comment_status":"closed","ping_status":"closed","template":"","meta":{"footnotes":""},"class_list":["post-2829","page","type-page","status-publish","hentry"],"_links":{"self":[{"href":"https:\/\/zenasnisolutions.com\/index.php?rest_route=\/wp\/v2\/pages\/2829","targetHints":{"allow":["GET"]}}],"collection":[{"href":"https:\/\/zenasnisolutions.com\/index.php?rest_route=\/wp\/v2\/pages"}],"about":[{"href":"https:\/\/zenasnisolutions.com\/index.php?rest_route=\/wp\/v2\/types\/page"}],"replies":[{"embeddable":true,"href":"https:\/\/zenasnisolutions.com\/index.php?rest_route=%2Fwp%2Fv2%2Fcomments&post=2829"}],"version-history":[{"count":0,"href":"https:\/\/zenasnisolutions.com\/index.php?rest_route=\/wp\/v2\/pages\/2829\/revisions"}],"wp:attachment":[{"href":"https:\/\/zenasnisolutions.com\/index.php?rest_route=%2Fwp%2Fv2%2Fmedia&parent=2829"}],"curies":[{"name":"wp","href":"https:\/\/api.w.org\/{rel}","templated":true}]}}