{"id":2820,"date":"2026-03-25T19:49:32","date_gmt":"2026-03-25T19:49:32","guid":{"rendered":"http:\/\/zenasnisolutions.com\/?page_id=2820"},"modified":"2026-04-01T18:13:25","modified_gmt":"2026-04-01T16:13:25","slug":"accueil","status":"publish","type":"page","link":"https:\/\/zenasnisolutions.com\/","title":{"rendered":"Accueil"},"content":{"rendered":"\n<style>body{background:#070b14;color:#fff} .zns-shell{max-width:1200px;margin:0 auto;padding:28px 20px}.zns-home-hero{position:relative;overflow:hidden;border-radius:28px;padding:72px 28px;background:radial-gradient(circle at top left,#1ff1ff 0%,rgba(31,241,255,0.12) 18%,transparent 38%),radial-gradient(circle at top right,#a855f7 0%,rgba(168,85,247,0.18) 22%,transparent 44%),linear-gradient(135deg,#0b1020 0%,#0f172a 48%,#111827 100%);box-shadow:0 0 0 1px rgba(255,255,255,.08),0 30px 80px rgba(0,0,0,.45)} .zns-home-hero:before{content:\"\";position:absolute;inset:-20%;background:conic-gradient(from 180deg,#00f0ff,#8b5cf6,#22c55e,#00f0ff);filter:blur(90px);opacity:.18;animation:znsPulse 7s ease-in-out infinite}.zns-kicker{display:inline-block;padding:10px 16px;border-radius:999px;background:rgba(255,255,255,.08);border:1px solid rgba(255,255,255,.18);font-size:13px;font-weight:800;text-transform:uppercase;letter-spacing:.14em;color:#7df9ff;box-shadow:0 0 22px rgba(0,240,255,.18)} .zns-home-hero h1{position:relative;font-size:clamp(2.8rem,6vw,5.4rem);line-height:.98;margin:18px 0 14px;font-weight:950;max-width:980px;letter-spacing:-.03em}.zns-home-hero h1 span{color:#7df9ff;text-shadow:0 0 18px rgba(0,240,255,.6),0 0 42px rgba(34,197,94,.25)} .zns-sub{position:relative;max-width:860px;font-size:1.14rem;color:#d7def7;margin:14px 0 26px}.zns-cta-row{display:flex;gap:14px;flex-wrap:wrap;margin:24px 0 8px}.zns-cta,.zns-cta-alt,.zns-chip-row a,.zns-card-link,.zns-cat-card,.zns-proof-card{transition:.25s ease}.zns-cta{display:inline-flex;align-items:center;justify-content:center;padding:16px 24px;border-radius:16px;background:linear-gradient(90deg,#00e5ff,#22c55e,#00e5ff);background-size:200% 100%;color:#07111f !important;font-weight:900;text-decoration:none;box-shadow:0 0 22px rgba(0,229,255,.45),0 0 54px rgba(34,197,94,.22);animation:znsShine 3s linear infinite} .zns-cta-alt{display:inline-flex;align-items:center;justify-content:center;padding:16px 24px;border-radius:16px;background:rgba(255,255,255,.06);border:1px solid rgba(255,255,255,.12);color:#fff !important;text-decoration:none} .zns-chip-row,.zns-mini-grid,.zns-category-grid,.zns-home-proof{display:grid;gap:14px}.zns-chip-row{grid-template-columns:repeat(auto-fit,minmax(160px,1fr));margin-top:22px}.zns-chip-row a{border-color:rgba(0,229,255,.28)} .zns-chip-row a:nth-child(even){border-color:rgba(34,197,94,.28)} .zns-chip-row a,.zns-card-link,.zns-cat-card,.zns-proof-card{display:block;padding:16px 18px;border-radius:18px;background:rgba(255,255,255,.05);border:1px solid rgba(255,255,255,.08);text-decoration:none;color:#fff;box-shadow:inset 0 0 0 1px rgba(255,255,255,.02)} .zns-chip-row a:hover,.zns-card-link:hover,.zns-cat-card:hover,.zns-proof-card:hover,.zns-cta:hover,.zns-cta-alt:hover{transform:translateY(-3px) scale(1.01);box-shadow:0 0 28px rgba(0,229,255,.18),0 0 48px rgba(34,197,94,.15)} .zns-home-grid{display:grid;grid-template-columns:1.1fr .9fr;gap:20px;margin-top:22px}.zns-panel{padding:26px;border-radius:24px;background:linear-gradient(180deg,rgba(0,229,255,.08),rgba(255,255,255,.03));border:1px solid rgba(0,229,255,.14)} .zns-panel:nth-child(1){box-shadow:0 0 0 1px rgba(0,229,255,.18),0 0 24px rgba(0,229,255,.14),0 10px 30px rgba(0,229,255,.08)} .zns-panel:nth-child(2){background:linear-gradient(180deg,rgba(34,197,94,.08),rgba(255,255,255,.03));border:1px solid rgba(34,197,94,.16);box-shadow:0 0 0 1px rgba(34,197,94,.18),0 0 24px rgba(34,197,94,.12),0 10px 30px rgba(34,197,94,.08)} .zns-panel-kicker{display:inline-block;padding:8px 14px;border-radius:999px;background:rgba(255,255,255,.08);border:1px solid rgba(255,255,255,.18);font-size:13px;font-weight:700;text-transform:uppercase;letter-spacing:.12em;color:#7df9ff;box-shadow:0 0 22px rgba(0,240,255,.18)} .zns-panel:nth-child(2) .zns-panel-kicker{color:#8cffb2;box-shadow:0 0 22px rgba(34,197,94,.18)} .zns-panel h2,.zns-home-cats h2{font-size:clamp(1.7rem,3vw,2.6rem);margin:12px 0 10px}.zns-panel:nth-child(1) h2,.zns-home-cats h2{color:#7df9ff;text-shadow:0 0 18px rgba(0,240,255,.22)} .zns-panel:nth-child(2) h2{color:#8cffb2;text-shadow:0 0 18px rgba(34,197,94,.18)} .zns-mini-grid{grid-template-columns:repeat(2,minmax(0,1fr));margin-top:18px}.zns-card-link{background:linear-gradient(180deg,rgba(0,229,255,.08),rgba(255,255,255,.03));border:1px solid rgba(0,229,255,.18);box-shadow:0 0 0 1px rgba(0,229,255,.08)} .zns-panel:nth-child(2) .zns-card-link{background:linear-gradient(180deg,rgba(34,197,94,.08),rgba(255,255,255,.03));border:1px solid rgba(34,197,94,.18);box-shadow:0 0 0 1px rgba(34,197,94,.08)} .zns-category-grid{grid-template-columns:repeat(3,minmax(0,1fr));margin-top:18px}.zns-cat-card{background:linear-gradient(180deg,rgba(0,229,255,.08),rgba(255,255,255,.03));border:1px solid rgba(0,229,255,.16);box-shadow:0 0 0 1px rgba(0,229,255,.08),0 0 20px rgba(0,229,255,.08)} .zns-cat-card:nth-child(even){background:linear-gradient(180deg,rgba(34,197,94,.08),rgba(255,255,255,.03));border:1px solid rgba(34,197,94,.16);box-shadow:0 0 0 1px rgba(34,197,94,.08),0 0 20px rgba(34,197,94,.08)} .zns-cat-card strong{display:block;font-size:1.05rem;margin-bottom:8px;color:#7df9ff}.zns-cat-card:nth-child(even) strong{color:#8cffb2}.zns-cat-card span,.zns-proof-card span{display:block;color:#c9d2ee} .zns-home-proof{grid-template-columns:repeat(3,minmax(0,1fr));margin:28px auto 0}.zns-proof-card:nth-child(odd){border-color:rgba(0,229,255,.22);box-shadow:0 0 16px rgba(0,229,255,.08)} .zns-proof-card:nth-child(even){border-color:rgba(34,197,94,.22);box-shadow:0 0 16px rgba(34,197,94,.08)} .zns-proof-card strong{display:block;margin-bottom:6px;color:#fff} @keyframes znsPulse{0%,100%{transform:scale(1);opacity:.16}50%{transform:scale(1.08);opacity:.24}} @keyframes znsShine{0%{background-position:0% 50%}100%{background-position:200% 50%}} @media(max-width:900px){.zns-home-grid,.zns-category-grid,.zns-home-proof{grid-template-columns:1fr}.zns-mini-grid{grid-template-columns:1fr 1fr}} @media(max-width:640px){.zns-mini-grid{grid-template-columns:1fr}}<\/style>\n\n\n\n<section class=\"zns-home-hero zns-shell\">\n<div class=\"zns-kicker\">Syst\u00e8mes IA \u2022 Ex\u00e9cution rapide \u2022 Croissance utile<\/div>\n<h1>Automatisez votre business, gagnez du temps et encaissez en 48\u202fh<\/h1>\n<h1>En moins de 48\u202fh, lancez votre automatisation IA pour augmenter vos revenus et lib\u00e9rer votre agenda.<\/h1>\n<div class=\"zns-cta-row\"><a class=\"zns-cta\" href=\"\/#offres\">Voir les offres<\/a><a class=\"zns-cta-alt\" href=\"\/#contact\">Parler du projet<\/a><\/div>\n<div class=\"zns-chip-row\"><a href=\"\/#offres\">Automatisation simple<\/a><a href=\"\/#offres\">Pack business IA<\/a><a href=\"\/#offres\">Templates &amp; prompts<\/a><a href=\"\/#contact\">Besoin urgent<\/a><\/div>\n<\/section>\n\n\n\n<section id=\"offres\" class=\"zns-home-grid zns-shell\">\n<div class=\"zns-panel\">\n<div class=\"zns-panel-kicker\">Offre 1<\/div>\n<h2>ZenAI Quick Automator \u2014 79 \u20ac<\/h2>\n<p>Une automatisation simple pour gagner du temps tout de suite : messages, r\u00e9ponses, tri, mini workflow, base de productivit\u00e9 IA.<\/p>\n<div class=\"zns-mini-grid\"><a class=\"zns-card-link\" href=\"\/boutique\">Workflows pr\u00eats \u00e0 l&#8217;emploi \u2022 Actions automatis\u00e9es \u2022 Guide d&rsquo;installation \u2022 Support&nbsp;<\/a><\/div>\n<\/div>\n<div class=\"zns-panel\">\n<div class=\"zns-panel-kicker\">Offre 2<\/div>\n<h2>ZenAI Woo Describer \u2014 149 \u20ac<\/h2>\n<p>Un syst\u00e8me plus puissant pour automatiser acquisition, suivi, support ou t\u00e2ches r\u00e9p\u00e9titives avec une vraie logique business.<\/p>\n<div class=\"zns-mini-grid\"><a class=\"zns-card-link\" href=\"\/boutique\">Descriptions automatiques&nbsp;\u2022&nbsp;Int\u00e9gration WooCommerce&nbsp;\u2022&nbsp;Personnalisation avanc\u00e9e&nbsp;\u2022&nbsp;Support complett<br>\nOffre&nbsp;3<br>\nAI Page Summarizer&nbsp;\u2014&nbsp;29&nbsp;\u20ac<br>\nR\u00e9sum\u00e9 instantan\u00e9 des pages web \u2022 Extraction des points cl\u00e9s \u2022 Interface Chrome simple<br>\nRapide&nbsp;: r\u00e9sum\u00e9 en temps r\u00e9el en un clic.<br>\nVisible&nbsp;: extension discr\u00e8te et ergonomique.<br>\nActionnable : points cl\u00e9s directement exploitables.<\/a>.<\/div>\n<\/div>\n<\/section>\n\n\n\n<h2 class=\"wp-block-heading\">Plugins IA<\/h2>\n\n\n\n<p>Outils IA puissants pour votre business.<\/p>\n\n\n<div class=\"woocommerce columns-3 \"><ul class=\"products columns-3\">\n<li class=\"product type-product post-3928 status-publish first instock product_cat-plugins-ia has-post-thumbnail downloadable virtual purchasable product-type-simple\">\n\t<a href=\"https:\/\/zenasnisolutions.com\/?product=zenai-content-paraphraser-paraphraseur-de-contenu-ia\" class=\"woocommerce-LoopProduct-link woocommerce-loop-product__link\"><img loading=\"lazy\" decoding=\"async\" width=\"300\" height=\"200\" src=\"https:\/\/zenasnisolutions.com\/wp-content\/uploads\/2026\/04\/content_paraphraser_image.png\" class=\"attachment-woocommerce_thumbnail size-woocommerce_thumbnail\" alt=\"ZenAI Content Paraphraser \u2014 Paraphraseur de contenu IA\" \/><h2 class=\"woocommerce-loop-product__title\">ZenAI Content Paraphraser \u2014 Paraphraseur de contenu IA<\/h2>\n\t<span class=\"price\"><span class=\"woocommerce-Price-amount amount\"><bdi>34,00&nbsp;<span class=\"woocommerce-Price-currencySymbol\">&euro;<\/span><\/bdi><\/span><\/span>\n<\/a><a href=\"\/index.php?rest_route=%2Fwp%2Fv2%2Fpages%2F2820&#038;add-to-cart=3928\" aria-describedby=\"woocommerce_loop_add_to_cart_link_describedby_3928\" data-quantity=\"1\" class=\"button wp-element-button product_type_simple add_to_cart_button ajax_add_to_cart\" data-product_id=\"3928\" data-product_sku=\"\" aria-label=\"Ajouter au panier\u00a0: &ldquo;ZenAI Content Paraphraser \u2014 Paraphraseur de contenu IA&rdquo;\" rel=\"nofollow\" data-success_message=\"\u00ab\u00a0ZenAI Content Paraphraser \u2014 Paraphraseur de contenu IA\u00a0\u00bb a \u00e9t\u00e9 ajout\u00e9 \u00e0 votre panier\" role=\"button\">Ajouter au panier<\/a>\t<span id=\"woocommerce_loop_add_to_cart_link_describedby_3928\" class=\"screen-reader-text\">\n\t\t\t<\/span>\n<\/li>\n<li class=\"product type-product post-3910 status-publish instock product_cat-plugins-ia has-post-thumbnail downloadable virtual purchasable product-type-simple\">\n\t<a href=\"https:\/\/zenasnisolutions.com\/?product=zenai-personal-assistant-assistant-personnel-ia-2\" class=\"woocommerce-LoopProduct-link woocommerce-loop-product__link\"><img loading=\"lazy\" decoding=\"async\" width=\"300\" height=\"200\" src=\"https:\/\/zenasnisolutions.com\/wp-content\/uploads\/2026\/04\/5e4d40d3-4c48-492f-a2e3-30da2570609b_small.png\" class=\"attachment-woocommerce_thumbnail size-woocommerce_thumbnail\" alt=\"ZenAI Personal Assistant \u2014 Assistant personnel IA\" \/><h2 class=\"woocommerce-loop-product__title\">ZenAI Personal Assistant \u2014 Assistant personnel IA<\/h2>\n\t<span class=\"price\"><span class=\"woocommerce-Price-amount amount\"><bdi>59,00&nbsp;<span class=\"woocommerce-Price-currencySymbol\">&euro;<\/span><\/bdi><\/span><\/span>\n<\/a><a href=\"\/index.php?rest_route=%2Fwp%2Fv2%2Fpages%2F2820&#038;add-to-cart=3910\" aria-describedby=\"woocommerce_loop_add_to_cart_link_describedby_3910\" data-quantity=\"1\" class=\"button wp-element-button product_type_simple add_to_cart_button ajax_add_to_cart\" data-product_id=\"3910\" data-product_sku=\"\" aria-label=\"Ajouter au panier\u00a0: &ldquo;ZenAI Personal Assistant \u2014 Assistant personnel IA&rdquo;\" rel=\"nofollow\" data-success_message=\"\u00ab\u00a0ZenAI Personal Assistant \u2014 Assistant personnel IA\u00a0\u00bb a \u00e9t\u00e9 ajout\u00e9 \u00e0 votre panier\" role=\"button\">Ajouter au panier<\/a>\t<span id=\"woocommerce_loop_add_to_cart_link_describedby_3910\" class=\"screen-reader-text\">\n\t\t\t<\/span>\n<\/li>\n<li class=\"product type-product post-3907 status-publish last instock product_cat-plugins-ia has-post-thumbnail downloadable shipping-taxable purchasable product-type-simple\">\n\t<a href=\"https:\/\/zenasnisolutions.com\/?product=zenai-marketing-funnel-builder-generateur-de-tunnels-marketing-ia\" class=\"woocommerce-LoopProduct-link woocommerce-loop-product__link\"><img loading=\"lazy\" decoding=\"async\" width=\"200\" height=\"300\" src=\"https:\/\/zenasnisolutions.com\/wp-content\/uploads\/2026\/04\/e3ef2092-92ad-4070-bd21-dce777add0dd_small.png\" class=\"attachment-woocommerce_thumbnail size-woocommerce_thumbnail\" alt=\"ZenAI Marketing Funnel Builder \u2014 G\u00e9n\u00e9rateur de tunnels marketing IA\" \/><h2 class=\"woocommerce-loop-product__title\">ZenAI Marketing Funnel Builder \u2014 G\u00e9n\u00e9rateur de tunnels marketing IA<\/h2>\n\t<span class=\"price\"><span class=\"woocommerce-Price-amount amount\"><bdi>69,00&nbsp;<span class=\"woocommerce-Price-currencySymbol\">&euro;<\/span><\/bdi><\/span><\/span>\n<\/a><a href=\"\/index.php?rest_route=%2Fwp%2Fv2%2Fpages%2F2820&#038;add-to-cart=3907\" aria-describedby=\"woocommerce_loop_add_to_cart_link_describedby_3907\" data-quantity=\"1\" class=\"button wp-element-button product_type_simple add_to_cart_button ajax_add_to_cart\" data-product_id=\"3907\" data-product_sku=\"\" aria-label=\"Ajouter au panier\u00a0: &ldquo;ZenAI Marketing Funnel Builder \u2014 G\u00e9n\u00e9rateur de tunnels marketing IA&rdquo;\" rel=\"nofollow\" data-success_message=\"\u00ab\u00a0ZenAI Marketing Funnel Builder \u2014 G\u00e9n\u00e9rateur de tunnels marketing IA\u00a0\u00bb a \u00e9t\u00e9 ajout\u00e9 \u00e0 votre panier\" role=\"button\">Ajouter au panier<\/a>\t<span id=\"woocommerce_loop_add_to_cart_link_describedby_3907\" class=\"screen-reader-text\">\n\t\t\t<\/span>\n<\/li>\n<li class=\"product type-product post-3900 status-publish first instock product_cat-plugins-ia has-post-thumbnail downloadable shipping-taxable purchasable product-type-simple\">\n\t<a href=\"https:\/\/zenasnisolutions.com\/?product=zenai-image-alt-generator-generateur-de-balises-alt-ia\" class=\"woocommerce-LoopProduct-link woocommerce-loop-product__link\"><img loading=\"lazy\" decoding=\"async\" width=\"300\" height=\"200\" src=\"https:\/\/zenasnisolutions.com\/wp-content\/uploads\/2026\/04\/image_alt_generator_image.png\" class=\"attachment-woocommerce_thumbnail size-woocommerce_thumbnail\" alt=\"ZenAI Image Alt Generator \u2014 G\u00e9n\u00e9rateur de balises alt IA\" \/><h2 class=\"woocommerce-loop-product__title\">ZenAI Image Alt Generator \u2014 G\u00e9n\u00e9rateur de balises alt IA<\/h2>\n\t<span class=\"price\"><span class=\"woocommerce-Price-amount amount\"><bdi>29,00&nbsp;<span class=\"woocommerce-Price-currencySymbol\">&euro;<\/span><\/bdi><\/span><\/span>\n<\/a><a href=\"\/index.php?rest_route=%2Fwp%2Fv2%2Fpages%2F2820&#038;add-to-cart=3900\" aria-describedby=\"woocommerce_loop_add_to_cart_link_describedby_3900\" data-quantity=\"1\" class=\"button wp-element-button product_type_simple add_to_cart_button ajax_add_to_cart\" data-product_id=\"3900\" data-product_sku=\"\" aria-label=\"Ajouter au panier\u00a0: &ldquo;ZenAI Image Alt Generator \u2014 G\u00e9n\u00e9rateur de balises alt IA&rdquo;\" rel=\"nofollow\" data-success_message=\"\u00ab\u00a0ZenAI Image Alt Generator \u2014 G\u00e9n\u00e9rateur de balises alt IA\u00a0\u00bb a \u00e9t\u00e9 ajout\u00e9 \u00e0 votre panier\" role=\"button\">Ajouter au panier<\/a>\t<span id=\"woocommerce_loop_add_to_cart_link_describedby_3900\" class=\"screen-reader-text\">\n\t\t\t<\/span>\n<\/li>\n<li class=\"product type-product post-3897 status-publish instock product_cat-plugins-ia has-post-thumbnail downloadable virtual purchasable product-type-simple\">\n\t<a href=\"https:\/\/zenasnisolutions.com\/?product=zenai-comment-sentiment-analyzer-analyseur-de-sentiment-ia-des-commentaires\" class=\"woocommerce-LoopProduct-link woocommerce-loop-product__link\"><img loading=\"lazy\" decoding=\"async\" width=\"300\" height=\"200\" src=\"https:\/\/zenasnisolutions.com\/wp-content\/uploads\/2026\/04\/comment_sentiment_analyzer_image-1.png\" class=\"attachment-woocommerce_thumbnail size-woocommerce_thumbnail\" alt=\"ZenAI Comment Sentiment Analyzer \u2014 Analyseur de sentiment IA des commentaires\" \/><h2 class=\"woocommerce-loop-product__title\">ZenAI Comment Sentiment Analyzer \u2014 Analyseur de sentiment IA des commentaires<\/h2>\n\t<span class=\"price\"><span class=\"woocommerce-Price-amount amount\"><bdi>39,00&nbsp;<span class=\"woocommerce-Price-currencySymbol\">&euro;<\/span><\/bdi><\/span><\/span>\n<\/a><a href=\"\/index.php?rest_route=%2Fwp%2Fv2%2Fpages%2F2820&#038;add-to-cart=3897\" aria-describedby=\"woocommerce_loop_add_to_cart_link_describedby_3897\" data-quantity=\"1\" class=\"button wp-element-button product_type_simple add_to_cart_button ajax_add_to_cart\" data-product_id=\"3897\" data-product_sku=\"\" aria-label=\"Ajouter au panier\u00a0: &ldquo;ZenAI Comment Sentiment Analyzer \u2014 Analyseur de sentiment IA des commentaires&rdquo;\" rel=\"nofollow\" data-success_message=\"\u00ab\u00a0ZenAI Comment Sentiment Analyzer \u2014 Analyseur de sentiment IA des commentaires\u00a0\u00bb a \u00e9t\u00e9 ajout\u00e9 \u00e0 votre panier\" role=\"button\">Ajouter au panier<\/a>\t<span id=\"woocommerce_loop_add_to_cart_link_describedby_3897\" class=\"screen-reader-text\">\n\t\t\t<\/span>\n<\/li>\n<li class=\"product type-product post-3895 status-publish last instock product_cat-plugins-ia downloadable shipping-taxable purchasable product-type-simple\">\n\t<a href=\"https:\/\/zenasnisolutions.com\/?product=zenai-marketing-funnel-builder-createur-de-tunnels-marketing-ia\" class=\"woocommerce-LoopProduct-link woocommerce-loop-product__link\"><img loading=\"lazy\" decoding=\"async\" width=\"300\" height=\"300\" src=\"https:\/\/zenasnisolutions.com\/wp-content\/uploads\/woocommerce-placeholder.webp\" class=\"woocommerce-placeholder wp-post-image\" alt=\"Texte indicatif\" \/><h2 class=\"woocommerce-loop-product__title\">ZenAI Marketing Funnel Builder \u2014 Cr\u00e9ateur de tunnels marketing IA<\/h2>\n\t<span class=\"price\"><span class=\"woocommerce-Price-amount amount\"><bdi>89,00&nbsp;<span class=\"woocommerce-Price-currencySymbol\">&euro;<\/span><\/bdi><\/span><\/span>\n<\/a><a href=\"\/index.php?rest_route=%2Fwp%2Fv2%2Fpages%2F2820&#038;add-to-cart=3895\" aria-describedby=\"woocommerce_loop_add_to_cart_link_describedby_3895\" data-quantity=\"1\" class=\"button wp-element-button product_type_simple add_to_cart_button ajax_add_to_cart\" data-product_id=\"3895\" data-product_sku=\"\" aria-label=\"Ajouter au panier\u00a0: &ldquo;ZenAI Marketing Funnel Builder \u2014 Cr\u00e9ateur de tunnels marketing IA&rdquo;\" rel=\"nofollow\" data-success_message=\"\u00ab\u00a0ZenAI Marketing Funnel Builder \u2014 Cr\u00e9ateur de tunnels marketing IA\u00a0\u00bb a \u00e9t\u00e9 ajout\u00e9 \u00e0 votre panier\" role=\"button\">Ajouter au panier<\/a>\t<span id=\"woocommerce_loop_add_to_cart_link_describedby_3895\" class=\"screen-reader-text\">\n\t\t\t<\/span>\n<\/li>\n<li class=\"product type-product post-3893 status-publish first instock product_cat-plugins-ia downloadable shipping-taxable purchasable product-type-simple\">\n\t<a href=\"https:\/\/zenasnisolutions.com\/?product=zenai-personal-assistant-assistant-personnel-ia\" class=\"woocommerce-LoopProduct-link woocommerce-loop-product__link\"><img loading=\"lazy\" decoding=\"async\" width=\"300\" height=\"300\" src=\"https:\/\/zenasnisolutions.com\/wp-content\/uploads\/woocommerce-placeholder.webp\" class=\"woocommerce-placeholder wp-post-image\" alt=\"Texte indicatif\" \/><h2 class=\"woocommerce-loop-product__title\">ZenAI Personal Assistant \u2014 Assistant personnel IA<\/h2>\n\t<span class=\"price\"><span class=\"woocommerce-Price-amount amount\"><bdi>69,00&nbsp;<span class=\"woocommerce-Price-currencySymbol\">&euro;<\/span><\/bdi><\/span><\/span>\n<\/a><a href=\"\/index.php?rest_route=%2Fwp%2Fv2%2Fpages%2F2820&#038;add-to-cart=3893\" aria-describedby=\"woocommerce_loop_add_to_cart_link_describedby_3893\" data-quantity=\"1\" class=\"button wp-element-button product_type_simple add_to_cart_button ajax_add_to_cart\" data-product_id=\"3893\" data-product_sku=\"\" aria-label=\"Ajouter au panier\u00a0: &ldquo;ZenAI Personal Assistant \u2014 Assistant personnel IA&rdquo;\" rel=\"nofollow\" data-success_message=\"\u00ab\u00a0ZenAI Personal Assistant \u2014 Assistant personnel IA\u00a0\u00bb a \u00e9t\u00e9 ajout\u00e9 \u00e0 votre panier\" role=\"button\">Ajouter au panier<\/a>\t<span id=\"woocommerce_loop_add_to_cart_link_describedby_3893\" class=\"screen-reader-text\">\n\t\t\t<\/span>\n<\/li>\n<li class=\"product type-product post-3892 status-publish instock product_cat-plugins-ia downloadable shipping-taxable purchasable product-type-simple\">\n\t<a href=\"https:\/\/zenasnisolutions.com\/?product=zenai-social-listener-analyseur-de-conversations-reseaux-sociaux-ia\" class=\"woocommerce-LoopProduct-link woocommerce-loop-product__link\"><img loading=\"lazy\" decoding=\"async\" width=\"300\" height=\"300\" src=\"https:\/\/zenasnisolutions.com\/wp-content\/uploads\/woocommerce-placeholder.webp\" class=\"woocommerce-placeholder wp-post-image\" alt=\"Texte indicatif\" \/><h2 class=\"woocommerce-loop-product__title\">ZenAI Social Listener \u2014 Analyseur de conversations r\u00e9seaux sociaux IA<\/h2>\n\t<span class=\"price\"><span class=\"woocommerce-Price-amount amount\"><bdi>49,00&nbsp;<span class=\"woocommerce-Price-currencySymbol\">&euro;<\/span><\/bdi><\/span><\/span>\n<\/a><a href=\"\/index.php?rest_route=%2Fwp%2Fv2%2Fpages%2F2820&#038;add-to-cart=3892\" aria-describedby=\"woocommerce_loop_add_to_cart_link_describedby_3892\" data-quantity=\"1\" class=\"button wp-element-button product_type_simple add_to_cart_button ajax_add_to_cart\" data-product_id=\"3892\" data-product_sku=\"\" aria-label=\"Ajouter au panier\u00a0: &ldquo;ZenAI Social Listener \u2014 Analyseur de conversations r\u00e9seaux sociaux IA&rdquo;\" rel=\"nofollow\" data-success_message=\"\u00ab\u00a0ZenAI Social Listener \u2014 Analyseur de conversations r\u00e9seaux sociaux IA\u00a0\u00bb a \u00e9t\u00e9 ajout\u00e9 \u00e0 votre panier\" role=\"button\">Ajouter au panier<\/a>\t<span id=\"woocommerce_loop_add_to_cart_link_describedby_3892\" class=\"screen-reader-text\">\n\t\t\t<\/span>\n<\/li>\n<li class=\"product type-product post-3891 status-publish last instock product_cat-plugins-ia downloadable virtual purchasable product-type-simple\">\n\t<a href=\"https:\/\/zenasnisolutions.com\/?product=zenai-marketing-funnel-builder-createur-de-tunnels-de-vente-ia\" class=\"woocommerce-LoopProduct-link woocommerce-loop-product__link\"><img loading=\"lazy\" decoding=\"async\" width=\"300\" height=\"300\" src=\"https:\/\/zenasnisolutions.com\/wp-content\/uploads\/woocommerce-placeholder.webp\" class=\"woocommerce-placeholder wp-post-image\" alt=\"Texte indicatif\" \/><h2 class=\"woocommerce-loop-product__title\">ZenAI Marketing Funnel Builder \u2014 Cr\u00e9ateur de tunnels de vente IA<\/h2>\n\t<span class=\"price\"><span class=\"woocommerce-Price-amount amount\"><bdi>99,00&nbsp;<span class=\"woocommerce-Price-currencySymbol\">&euro;<\/span><\/bdi><\/span><\/span>\n<\/a><a href=\"\/index.php?rest_route=%2Fwp%2Fv2%2Fpages%2F2820&#038;add-to-cart=3891\" aria-describedby=\"woocommerce_loop_add_to_cart_link_describedby_3891\" data-quantity=\"1\" class=\"button wp-element-button product_type_simple add_to_cart_button ajax_add_to_cart\" data-product_id=\"3891\" data-product_sku=\"\" aria-label=\"Ajouter au panier\u00a0: &ldquo;ZenAI Marketing Funnel Builder \u2014 Cr\u00e9ateur de tunnels de vente IA&rdquo;\" rel=\"nofollow\" data-success_message=\"\u00ab\u00a0ZenAI Marketing Funnel Builder \u2014 Cr\u00e9ateur de tunnels de vente IA\u00a0\u00bb a \u00e9t\u00e9 ajout\u00e9 \u00e0 votre panier\" role=\"button\">Ajouter au panier<\/a>\t<span id=\"woocommerce_loop_add_to_cart_link_describedby_3891\" class=\"screen-reader-text\">\n\t\t\t<\/span>\n<\/li>\n<\/ul>\n<\/div>\n\n\n\n<p><\/p>\n","protected":false},"excerpt":{"rendered":"<p>Syst\u00e8mes IA \u2022 Ex\u00e9cution rapide \u2022 Croissance utile Automatisez votre business, gagnez du temps et encaissez en 48\u202fh En moins de 48\u202fh, lancez votre automatisation IA pour augmenter vos revenus et lib\u00e9rer votre agenda. Voir les offresParler du projet Automatisation simplePack business IATemplates &amp; promptsBesoin urgent Offre 1 ZenAI Quick Automator \u2014 79 \u20ac Une [&hellip;]<\/p>\n","protected":false},"author":1,"featured_media":0,"parent":0,"menu_order":0,"comment_status":"closed","ping_status":"closed","template":"page-no-title","meta":{"footnotes":""},"class_list":["post-2820","page","type-page","status-publish","hentry"],"_links":{"self":[{"href":"https:\/\/zenasnisolutions.com\/index.php?rest_route=\/wp\/v2\/pages\/2820","targetHints":{"allow":["GET"]}}],"collection":[{"href":"https:\/\/zenasnisolutions.com\/index.php?rest_route=\/wp\/v2\/pages"}],"about":[{"href":"https:\/\/zenasnisolutions.com\/index.php?rest_route=\/wp\/v2\/types\/page"}],"author":[{"embeddable":true,"href":"https:\/\/zenasnisolutions.com\/index.php?rest_route=\/wp\/v2\/users\/1"}],"replies":[{"embeddable":true,"href":"https:\/\/zenasnisolutions.com\/index.php?rest_route=%2Fwp%2Fv2%2Fcomments&post=2820"}],"version-history":[{"count":12,"href":"https:\/\/zenasnisolutions.com\/index.php?rest_route=\/wp\/v2\/pages\/2820\/revisions"}],"predecessor-version":[{"id":3925,"href":"https:\/\/zenasnisolutions.com\/index.php?rest_route=\/wp\/v2\/pages\/2820\/revisions\/3925"}],"wp:attachment":[{"href":"https:\/\/zenasnisolutions.com\/index.php?rest_route=%2Fwp%2Fv2%2Fmedia&parent=2820"}],"curies":[{"name":"wp","href":"https:\/\/api.w.org\/{rel}","templated":true}]}}